{"id":6401,"date":"2025-07-14T04:51:49","date_gmt":"2025-07-14T04:51:49","guid":{"rendered":"https:\/\/demo.websitepro.at\/kerner\/?page_id=6401"},"modified":"2025-08-13T17:12:25","modified_gmt":"2025-08-13T17:12:25","slug":"kontakt","status":"publish","type":"page","link":"https:\/\/haustechnik-kerner.de\/index.php\/kontakt\/","title":{"rendered":"Kontakt"},"content":{"rendered":"\t\t<div data-elementor-type=\"wp-page\" data-elementor-id=\"6401\" class=\"elementor elementor-6401\" data-elementor-post-type=\"page\">\n\t\t\t\t<div class=\"elementor-element elementor-element-530c283 e-con-full e-flex e-con e-parent\" data-id=\"530c283\" data-element_type=\"container\" data-settings=\"{&quot;background_background&quot;:&quot;classic&quot;}\">\n\t\t\t\t<\/div>\n\t\t<div class=\"elementor-element elementor-element-e2fad57 e-flex e-con-boxed e-con e-parent\" data-id=\"e2fad57\" data-element_type=\"container\">\n\t\t\t\t\t<div class=\"e-con-inner\">\n\t\t<div class=\"elementor-element elementor-element-467c6b8 e-con-full contact-form-title e-flex e-con e-child\" data-id=\"467c6b8\" data-element_type=\"container\">\n\t\t\t\t<div class=\"elementor-element elementor-element-a660ce8 elementor-widget elementor-widget-text-editor\" data-id=\"a660ce8\" data-element_type=\"widget\" data-widget_type=\"text-editor.default\">\n\t\t\t\t\t\t\t\t\t<ul><li>Kontakt<\/li><\/ul>\t\t\t\t\t\t\t\t<\/div>\n\t\t\t\t<div class=\"elementor-element elementor-element-bc5f5e9 elementor-widget__width-initial elementor-widget elementor-widget-heading\" data-id=\"bc5f5e9\" data-element_type=\"widget\" data-widget_type=\"heading.default\">\n\t\t\t\t\t<h2 class=\"elementor-heading-title elementor-size-default\">Anfrage, Beratung, Notfall \u2013 <span>ein Anruf oder Klick entfernt.<\/span><\/h2>\t\t\t\t<\/div>\n\t\t\t\t<\/div>\n\t\t<div class=\"elementor-element elementor-element-7462d3a e-con-full e-flex e-con e-child\" data-id=\"7462d3a\" data-element_type=\"container\">\n\t\t\t\t<div class=\"elementor-element elementor-element-c39846c elementor-widget elementor-widget-text-editor\" data-id=\"c39846c\" data-element_type=\"widget\" data-widget_type=\"text-editor.default\">\n\t\t\t\t\t\t\t\t\t<ul><li>Kontaktinformationen<\/li><\/ul>\t\t\t\t\t\t\t\t<\/div>\n\t\t\t\t<div class=\"elementor-element elementor-element-311c17c elementor-position-left elementor-widget__width-initial elementor-view-default elementor-mobile-position-top elementor-widget elementor-widget-icon-box\" data-id=\"311c17c\" data-element_type=\"widget\" data-widget_type=\"icon-box.default\">\n\t\t\t\t\t\t\t<div class=\"elementor-icon-box-wrapper\">\n\n\t\t\t\t\t\t<div class=\"elementor-icon-box-icon\">\n\t\t\t\t<span  class=\"elementor-icon\">\n\t\t\t\t<svg xmlns=\"http:\/\/www.w3.org\/2000\/svg\" width=\"19\" height=\"25\" viewBox=\"0 0 19 25\" fill=\"none\"><g clip-path=\"url(#clip0_42_3387)\"><path d=\"M9.50094 25C9.34092 25 9.18341 24.959 9.04339 24.8813C3.45847 21.7831 -0.00249889 15.9205 1.35374e-06 9.56063C1.35374e-06 9.4332 0.00125148 9.30577 0.00375172 9.17895C0.0662579 6.35179 1.12449 3.97096 3.06655 2.29443C4.78422 0.814954 7.06882 0 9.50094 0C11.9331 0 14.217 0.814954 15.9328 2.29443C17.8768 3.97282 18.9369 6.35179 18.9956 9.17895C18.9956 9.30328 19 9.4332 19 9.56063C19.0019 12.7322 18.1374 15.8447 16.4998 18.5662C14.9102 21.2019 12.655 23.3794 9.95848 24.8813C9.81847 24.959 9.66095 25 9.50094 25ZM9.50094 1.86488C7.52012 1.86488 5.67181 2.51759 4.2973 3.70366C2.76402 5.02524 1.92769 6.93239 1.87894 9.21874C1.87894 9.33187 1.87519 9.44625 1.87519 9.56063C1.87331 15.0564 4.76735 20.1519 9.50094 22.9878C11.713 21.6575 13.5645 19.81 14.894 17.6057C16.3566 15.1746 17.1279 12.394 17.1267 9.56063C17.1267 9.44625 17.1267 9.33187 17.1229 9.21874C17.0736 6.93239 16.2372 5.02524 14.7046 3.70366C13.3294 2.51759 11.4818 1.86488 9.50094 1.86488Z\" fill=\"#1E2334\"><\/path><path d=\"M9.52546 15.4534C6.26952 15.4534 3.62988 12.8283 3.62988 9.59024C3.62988 6.35218 6.26952 3.72705 9.52546 3.72705C12.7814 3.72705 15.421 6.35218 15.421 9.59024C15.4173 12.8271 12.7802 15.4497 9.52546 15.4534ZM9.52546 5.59256C7.30525 5.59256 5.50507 7.38284 5.50507 9.59086C5.50507 11.7989 7.30525 13.5892 9.52546 13.5892C11.7457 13.5892 13.5459 11.7989 13.5459 9.59086C13.5421 7.38409 11.7438 5.59691 9.52546 5.59442V5.59256Z\" fill=\"#1E2334\"><\/path><\/g><defs><clipPath id=\"clip0_42_3387\"><rect width=\"19\" height=\"25\" fill=\"white\"><\/rect><\/clipPath><\/defs><\/svg>\t\t\t\t<\/span>\n\t\t\t<\/div>\n\t\t\t\n\t\t\t\t\t\t<div class=\"elementor-icon-box-content\">\n\n\t\t\t\t\t\t\t\t\t<h3 class=\"elementor-icon-box-title\">\n\t\t\t\t\t\t<span  >\n\t\t\t\t\t\t\tAdresse\t\t\t\t\t\t<\/span>\n\t\t\t\t\t<\/h3>\n\t\t\t\t\n\t\t\t\t\t\t\t\t\t<p class=\"elementor-icon-box-description\">\n\t\t\t\t\t\tOttobrunner Str. 138, 81737 M\u00fcnchen\t\t\t\t\t<\/p>\n\t\t\t\t\n\t\t\t<\/div>\n\t\t\t\n\t\t<\/div>\n\t\t\t\t\t\t<\/div>\n\t\t<div class=\"elementor-element elementor-element-71023df e-grid e-con-full e-con e-child\" data-id=\"71023df\" data-element_type=\"container\">\n\t\t\t\t<div class=\"elementor-element elementor-element-dcf56b1 elementor-position-left elementor-view-default elementor-mobile-position-top elementor-widget elementor-widget-icon-box\" data-id=\"dcf56b1\" data-element_type=\"widget\" data-widget_type=\"icon-box.default\">\n\t\t\t\t\t\t\t<div class=\"elementor-icon-box-wrapper\">\n\n\t\t\t\t\t\t<div class=\"elementor-icon-box-icon\">\n\t\t\t\t<span  class=\"elementor-icon\">\n\t\t\t\t<svg xmlns=\"http:\/\/www.w3.org\/2000\/svg\" width=\"22\" height=\"22\" viewBox=\"0 0 22 22\" fill=\"none\"><g clip-path=\"url(#clip0_42_3391)\"><path d=\"M18.9648 22C18.8844 22 18.7939 22 18.7135 21.99C15.4673 21.6389 12.3115 20.5153 9.58791 18.7497C7.05525 17.1446 4.86429 14.9576 3.25625 12.4295C1.47736 9.70087 0.361779 6.54081 0.0100198 3.3005C-0.060332 2.48792 0.180874 1.70543 0.693437 1.08345C1.21605 0.461468 1.93967 0.0802554 2.74369 0.0100319C2.83414 0.0100319 2.92459 0 3.01504 0H6.06027C7.54771 0 8.82409 1.10351 9.03515 2.58824C9.15575 3.48108 9.37685 4.35385 9.68841 5.19653C10.1005 6.29001 9.83917 7.53397 9.005 8.36662L8.28138 9.08892C9.46731 10.9348 11.0351 12.5098 12.8944 13.6936L13.6181 12.9713C14.4522 12.1487 15.7085 11.8778 16.804 12.2891C17.6382 12.6001 18.5226 12.8208 19.407 12.9311C20.9246 13.1418 22.0402 14.456 22.01 15.9708V18.9704C22.01 19.7729 21.6985 20.5253 21.1356 21.0971C20.5728 21.6689 19.809 21.9799 19.005 21.99H18.9748L18.9648 22ZM6.05022 2.00638H3.01504C2.66329 2.03648 2.42208 2.15686 2.24118 2.36753C2.07032 2.5782 1.98992 2.829 2.01002 3.09986C2.32158 6.00912 3.33665 8.86822 4.93464 11.3461C6.39193 13.6334 8.37183 15.6097 10.6633 17.0643C13.1356 18.6694 15.9899 19.6726 18.9045 19.9936C19.2563 20.0337 19.4975 19.8933 19.6884 19.7027C19.8794 19.5121 19.9799 19.2613 19.9799 18.9904V15.9508C19.9899 15.4391 19.6181 15.0078 19.1155 14.9375C18.0904 14.8071 17.0653 14.5463 16.0804 14.1851C15.7085 14.0447 15.2965 14.135 15.015 14.4058L13.7387 15.6799C13.4171 16.0009 12.9246 16.0611 12.5326 15.8404C9.85927 14.3256 7.64821 12.1085 6.12057 9.45007C5.89947 9.05882 5.95977 8.56726 6.28138 8.24624L7.55776 6.97218C7.82912 6.70132 7.91957 6.27998 7.77886 5.91883C7.407 4.9357 7.15575 3.91245 7.01505 2.87916C6.94469 2.39763 6.52258 2.02645 6.02007 2.02645L6.05022 2.00638Z\" fill=\"#1E2334\"><\/path><\/g><defs><clipPath id=\"clip0_42_3391\"><rect width=\"22\" height=\"22\" fill=\"white\"><\/rect><\/clipPath><\/defs><\/svg>\t\t\t\t<\/span>\n\t\t\t<\/div>\n\t\t\t\n\t\t\t\t\t\t<div class=\"elementor-icon-box-content\">\n\n\t\t\t\t\t\t\t\t\t<h3 class=\"elementor-icon-box-title\">\n\t\t\t\t\t\t<span  >\n\t\t\t\t\t\t\tZentrale:\t\t\t\t\t\t<\/span>\n\t\t\t\t\t<\/h3>\n\t\t\t\t\n\t\t\t\t\t\t\t\t\t<p class=\"elementor-icon-box-description\">\n\t\t\t\t\t\t<a href=\"tel:089904297860\">089 \/ 9042978-60<\/a>\t\t\t\t\t<\/p>\n\t\t\t\t\n\t\t\t<\/div>\n\t\t\t\n\t\t<\/div>\n\t\t\t\t\t\t<\/div>\n\t\t\t\t<div class=\"elementor-element elementor-element-35b2f64 elementor-position-left elementor-hidden-desktop elementor-hidden-laptop elementor-hidden-tablet elementor-hidden-mobile elementor-view-default elementor-mobile-position-top elementor-widget elementor-widget-icon-box\" data-id=\"35b2f64\" data-element_type=\"widget\" data-widget_type=\"icon-box.default\">\n\t\t\t\t\t\t\t<div class=\"elementor-icon-box-wrapper\">\n\n\t\t\t\t\t\t<div class=\"elementor-icon-box-icon\">\n\t\t\t\t<span  class=\"elementor-icon\">\n\t\t\t\t<svg xmlns=\"http:\/\/www.w3.org\/2000\/svg\" width=\"22\" height=\"22\" viewBox=\"0 0 22 22\" fill=\"none\"><g clip-path=\"url(#clip0_42_3391)\"><path d=\"M18.9648 22C18.8844 22 18.7939 22 18.7135 21.99C15.4673 21.6389 12.3115 20.5153 9.58791 18.7497C7.05525 17.1446 4.86429 14.9576 3.25625 12.4295C1.47736 9.70087 0.361779 6.54081 0.0100198 3.3005C-0.060332 2.48792 0.180874 1.70543 0.693437 1.08345C1.21605 0.461468 1.93967 0.0802554 2.74369 0.0100319C2.83414 0.0100319 2.92459 0 3.01504 0H6.06027C7.54771 0 8.82409 1.10351 9.03515 2.58824C9.15575 3.48108 9.37685 4.35385 9.68841 5.19653C10.1005 6.29001 9.83917 7.53397 9.005 8.36662L8.28138 9.08892C9.46731 10.9348 11.0351 12.5098 12.8944 13.6936L13.6181 12.9713C14.4522 12.1487 15.7085 11.8778 16.804 12.2891C17.6382 12.6001 18.5226 12.8208 19.407 12.9311C20.9246 13.1418 22.0402 14.456 22.01 15.9708V18.9704C22.01 19.7729 21.6985 20.5253 21.1356 21.0971C20.5728 21.6689 19.809 21.9799 19.005 21.99H18.9748L18.9648 22ZM6.05022 2.00638H3.01504C2.66329 2.03648 2.42208 2.15686 2.24118 2.36753C2.07032 2.5782 1.98992 2.829 2.01002 3.09986C2.32158 6.00912 3.33665 8.86822 4.93464 11.3461C6.39193 13.6334 8.37183 15.6097 10.6633 17.0643C13.1356 18.6694 15.9899 19.6726 18.9045 19.9936C19.2563 20.0337 19.4975 19.8933 19.6884 19.7027C19.8794 19.5121 19.9799 19.2613 19.9799 18.9904V15.9508C19.9899 15.4391 19.6181 15.0078 19.1155 14.9375C18.0904 14.8071 17.0653 14.5463 16.0804 14.1851C15.7085 14.0447 15.2965 14.135 15.015 14.4058L13.7387 15.6799C13.4171 16.0009 12.9246 16.0611 12.5326 15.8404C9.85927 14.3256 7.64821 12.1085 6.12057 9.45007C5.89947 9.05882 5.95977 8.56726 6.28138 8.24624L7.55776 6.97218C7.82912 6.70132 7.91957 6.27998 7.77886 5.91883C7.407 4.9357 7.15575 3.91245 7.01505 2.87916C6.94469 2.39763 6.52258 2.02645 6.02007 2.02645L6.05022 2.00638Z\" fill=\"#1E2334\"><\/path><\/g><defs><clipPath id=\"clip0_42_3391\"><rect width=\"22\" height=\"22\" fill=\"white\"><\/rect><\/clipPath><\/defs><\/svg>\t\t\t\t<\/span>\n\t\t\t<\/div>\n\t\t\t\n\t\t\t\t\t\t<div class=\"elementor-icon-box-content\">\n\n\t\t\t\t\t\t\t\t\t<h3 class=\"elementor-icon-box-title\">\n\t\t\t\t\t\t<span  >\n\t\t\t\t\t\t\tPers\u00f6nlich:\t\t\t\t\t\t<\/span>\n\t\t\t\t\t<\/h3>\n\t\t\t\t\n\t\t\t\t\t\t\t\t\t<p class=\"elementor-icon-box-description\">\n\t\t\t\t\t\t<a href=\"tel:089904297860\">089 \/ 9042978-60<\/a>\t\t\t\t\t<\/p>\n\t\t\t\t\n\t\t\t<\/div>\n\t\t\t\n\t\t<\/div>\n\t\t\t\t\t\t<\/div>\n\t\t\t\t<\/div>\n\t\t\t\t<div class=\"elementor-element elementor-element-ce508bd elementor-position-left elementor-widget__width-initial elementor-view-default elementor-mobile-position-top elementor-widget elementor-widget-icon-box\" data-id=\"ce508bd\" data-element_type=\"widget\" data-widget_type=\"icon-box.default\">\n\t\t\t\t\t\t\t<div class=\"elementor-icon-box-wrapper\">\n\n\t\t\t\t\t\t<div class=\"elementor-icon-box-icon\">\n\t\t\t\t<span  class=\"elementor-icon\">\n\t\t\t\t<svg xmlns=\"http:\/\/www.w3.org\/2000\/svg\" width=\"24\" height=\"20\" viewBox=\"0 0 24 20\" fill=\"none\"><path d=\"M20 0H4C1.79 0 0 1.7881 0 3.99576V15.983C0 18.1907 1.79 19.9788 4 19.9788H20C22.21 19.9788 24 18.1907 24 15.983V3.99576C24 1.7881 22.21 0 20 0ZM22 15.983C22 17.0819 21.1 17.9809 20 17.9809H4C2.9 17.9809 2 17.0819 2 15.983V3.99576C2 2.89693 2.9 1.99788 4 1.99788H20C21.1 1.99788 22 2.89693 22 3.99576V15.983Z\" fill=\"#1E2334\"><\/path><path d=\"M19.741 5.01488C19.371 4.60531 18.741 4.57534 18.331 4.94495L13.351 9.47015C12.581 10.1694 11.421 10.1694 10.651 9.47015L5.67104 4.94495C5.26104 4.57534 4.63104 4.60531 4.26104 5.01488C3.89104 5.42444 3.92104 6.05377 4.33104 6.42338L8.29104 10.0196L4.33104 13.6058C3.91104 13.9654 3.86104 14.5947 4.22104 15.0143C4.58104 15.4338 5.21104 15.4838 5.63104 15.1242C5.64104 15.1142 5.66104 15.0942 5.67104 15.0842L9.81104 11.3282C11.131 12.2072 12.861 12.2072 14.181 11.3282L18.321 15.0842C18.721 15.4638 19.351 15.4538 19.731 15.0542C20.111 14.6547 20.101 14.0253 19.701 13.6457C19.691 13.6357 19.671 13.6158 19.661 13.6058L15.711 10.0196L19.671 6.42338C20.081 6.05377 20.111 5.42444 19.741 5.01488Z\" fill=\"#1E2334\"><\/path><\/svg>\t\t\t\t<\/span>\n\t\t\t<\/div>\n\t\t\t\n\t\t\t\t\t\t<div class=\"elementor-icon-box-content\">\n\n\t\t\t\t\t\t\t\t\t<h3 class=\"elementor-icon-box-title\">\n\t\t\t\t\t\t<span  >\n\t\t\t\t\t\t\tE-Mail-Adresse\t\t\t\t\t\t<\/span>\n\t\t\t\t\t<\/h3>\n\t\t\t\t\n\t\t\t\t\t\t\t\t\t<p class=\"elementor-icon-box-description\">\n\t\t\t\t\t\t<a href=\"mailto:info@haustechnik-kerner.de\">info@haustechnik-kerner.de<\/a>\t\t\t\t\t<\/p>\n\t\t\t\t\n\t\t\t<\/div>\n\t\t\t\n\t\t<\/div>\n\t\t\t\t\t\t<\/div>\n\t\t\t\t<div class=\"elementor-element elementor-element-cb60709 elementor-widget elementor-widget-text-editor\" data-id=\"cb60709\" data-element_type=\"widget\" data-widget_type=\"text-editor.default\">\n\t\t\t\t\t\t\t\t\t<ul><li>\u00d6ffnungszeiten<\/li><\/ul>\t\t\t\t\t\t\t\t<\/div>\n\t\t\t\t<div class=\"elementor-element elementor-element-7731190 elementor-widget elementor-widget-text-editor\" data-id=\"7731190\" data-element_type=\"widget\" data-widget_type=\"text-editor.default\">\n\t\t\t\t\t\t\t\t\t<p>Mo &#8211; Do: 07:00 -16:00 Uhr<br \/>Fr: 08:00 &#8211; 13:00 Uhr<br \/>Sonn- und Feiertage: Geschlossen<\/p>\t\t\t\t\t\t\t\t<\/div>\n\t\t\t\t<\/div>\n\t\t\t\t\t<\/div>\n\t\t\t\t<\/div>\n\t\t<div class=\"elementor-element elementor-element-7399c51 e-flex e-con-boxed e-con e-parent\" data-id=\"7399c51\" data-element_type=\"container\">\n\t\t\t\t\t<div class=\"e-con-inner\">\n\t\t<div class=\"elementor-element elementor-element-4e82a24 e-con-full contact-form e-flex e-con e-child\" data-id=\"4e82a24\" data-element_type=\"container\" data-settings=\"{&quot;background_background&quot;:&quot;classic&quot;}\">\n\t\t\t\t<div class=\"elementor-element elementor-element-7f7b8f9 elementor-widget__width-initial elementor-widget elementor-widget-heading\" data-id=\"7f7b8f9\" data-element_type=\"widget\" data-widget_type=\"heading.default\">\n\t\t\t\t\t<h2 class=\"elementor-heading-title elementor-size-default\">Fragen sollten \n<span>nicht offen bleiben<\/span><\/h2>\t\t\t\t<\/div>\n\t\t\t\t<div class=\"elementor-element elementor-element-9120fe8 elementor-button-align-stretch elementor-widget elementor-widget-form\" data-id=\"9120fe8\" data-element_type=\"widget\" data-settings=\"{&quot;button_width&quot;:&quot;100&quot;,&quot;step_type&quot;:&quot;number_text&quot;,&quot;step_icon_shape&quot;:&quot;circle&quot;}\" data-widget_type=\"form.default\">\n\t\t\t\t\t\t\t<form class=\"elementor-form\" method=\"post\" name=\"New Form\" aria-label=\"New Form\">\n\t\t\t<input type=\"hidden\" name=\"post_id\" value=\"6401\"\/>\n\t\t\t<input type=\"hidden\" name=\"form_id\" value=\"9120fe8\"\/>\n\t\t\t<input type=\"hidden\" name=\"referer_title\" value=\"\" \/>\n\n\t\t\t\n\t\t\t<div class=\"elementor-form-fields-wrapper elementor-labels-\">\n\t\t\t\t\t\t\t\t<div class=\"elementor-field-type-text elementor-field-group elementor-column elementor-field-group-name elementor-col-50 elementor-field-required\">\n\t\t\t\t\t\t\t\t\t\t\t\t\t<input size=\"1\" type=\"text\" name=\"form_fields[name]\" id=\"form-field-name\" class=\"elementor-field elementor-size-md  elementor-field-textual\" placeholder=\"Vorname*\" required=\"required\">\n\t\t\t\t\t\t\t\t\t\t\t<\/div>\n\t\t\t\t\t\t\t\t<div class=\"elementor-field-type-text elementor-field-group elementor-column elementor-field-group-email elementor-col-50 elementor-field-required\">\n\t\t\t\t\t\t\t\t\t\t\t\t\t<input size=\"1\" type=\"text\" name=\"form_fields[email]\" id=\"form-field-email\" class=\"elementor-field elementor-size-md  elementor-field-textual\" placeholder=\"Nachname*\" required=\"required\">\n\t\t\t\t\t\t\t\t\t\t\t<\/div>\n\t\t\t\t\t\t\t\t<div class=\"elementor-field-type-email elementor-field-group elementor-column elementor-field-group-field_f2960f8 elementor-col-100 elementor-field-required\">\n\t\t\t\t\t\t\t\t\t\t\t\t\t<input size=\"1\" type=\"email\" name=\"form_fields[field_f2960f8]\" id=\"form-field-field_f2960f8\" class=\"elementor-field elementor-size-md  elementor-field-textual\" placeholder=\"E-Mail Adresse*\" required=\"required\">\n\t\t\t\t\t\t\t\t\t\t\t<\/div>\n\t\t\t\t\t\t\t\t<div class=\"elementor-field-type-textarea elementor-field-group elementor-column elementor-field-group-message elementor-col-100\">\n\t\t\t\t\t<textarea class=\"elementor-field-textual elementor-field  elementor-size-md\" name=\"form_fields[message]\" id=\"form-field-message\" rows=\"4\" placeholder=\"Nachricht\"><\/textarea>\t\t\t\t<\/div>\n\t\t\t\t\t\t\t\t<div class=\"elementor-field-type-checkbox elementor-field-group elementor-column elementor-field-group-field_b05cf9c elementor-col-100\">\n\t\t\t\t\t<div class=\"elementor-field-subgroup  \"><span class=\"elementor-field-option\"><input type=\"checkbox\" value=\"Ich hab die Datenschutzerkl\u00e4rung gelesen. Ich stimme zu, &lt;br&gt;dass meine Angaben zur Kontaktaufnahme und f\u00fcr R\u00fcckfragen gespeichert werden. \" id=\"form-field-field_b05cf9c-0\" name=\"form_fields[field_b05cf9c]\"> <label for=\"form-field-field_b05cf9c-0\">Ich hab die Datenschutzerkl\u00e4rung gelesen. Ich stimme zu, <br>dass meine Angaben zur Kontaktaufnahme und f\u00fcr R\u00fcckfragen gespeichert werden. <\/label><\/span><\/div>\t\t\t\t<\/div>\n\t\t\t\t\t\t\t\t<div class=\"elementor-field-group elementor-column elementor-field-type-submit elementor-col-100 e-form__buttons\">\n\t\t\t\t\t<button class=\"elementor-button elementor-size-md\" type=\"submit\">\n\t\t\t\t\t\t<span class=\"elementor-button-content-wrapper\">\n\t\t\t\t\t\t\t\t\t\t\t\t\t\t\t\t\t\t\t\t\t\t<span class=\"elementor-button-text\">Senden<\/span>\n\t\t\t\t\t\t\t\t\t\t\t\t\t<\/span>\n\t\t\t\t\t<\/button>\n\t\t\t\t<\/div>\n\t\t\t<\/div>\n\t\t<\/form>\n\t\t\t\t\t\t<\/div>\n\t\t\t\t<\/div>\n\t\t\t\t<div class=\"elementor-element elementor-element-b433644 elementor-widget elementor-widget-image\" data-id=\"b433644\" data-element_type=\"widget\" data-widget_type=\"image.default\">\n\t\t\t\t\t\t\t\t\t\t\t\t\t\t\t<img fetchpriority=\"high\" decoding=\"async\" width=\"557\" height=\"683\" src=\"https:\/\/haustechnik-kerner.de\/wp-content\/uploads\/2025\/07\/contact-people.png\" class=\"attachment-full size-full wp-image-6523\" alt=\"\" srcset=\"https:\/\/haustechnik-kerner.de\/wp-content\/uploads\/2025\/07\/contact-people.png 557w, https:\/\/haustechnik-kerner.de\/wp-content\/uploads\/2025\/07\/contact-people-245x300.png 245w\" sizes=\"(max-width: 557px) 100vw, 557px\" \/>\t\t\t\t\t\t\t\t\t\t\t\t\t\t\t<\/div>\n\t\t\t\t\t<\/div>\n\t\t\t\t<\/div>\n\t\t<div class=\"elementor-element elementor-element-4bb937c e-con-full e-flex e-con e-parent\" data-id=\"4bb937c\" data-element_type=\"container\">\n\t\t\t\t<div class=\"elementor-element elementor-element-d152228 elementor-widget elementor-widget-google_maps\" data-id=\"d152228\" data-element_type=\"widget\" data-widget_type=\"google_maps.default\">\n\t\t\t\t\t\t\t<div class=\"elementor-custom-embed\">\n\t\t\t<iframe loading=\"lazy\"\n\t\t\t\t\tsrc=\"https:\/\/maps.google.com\/maps?q=Ottobrunner%20Str.%20138%2C%2081737%20M%C3%BCnchen&#038;t=m&#038;z=15&#038;output=embed&#038;iwloc=near\"\n\t\t\t\t\ttitle=\"Ottobrunner Str. 138, 81737 M\u00fcnchen\"\n\t\t\t\t\taria-label=\"Ottobrunner Str. 138, 81737 M\u00fcnchen\"\n\t\t\t><\/iframe>\n\t\t<\/div>\n\t\t\t\t\t\t<\/div>\n\t\t\t\t<\/div>\n\t\t\t\t<\/div>\n\t\t","protected":false},"excerpt":{"rendered":"<p>Kontakt Anfrage, Beratung, Notfall \u2013 ein Anruf oder Klick entfernt. Kontaktinformationen Adresse Ottobrunner Str. 138, 81737 M\u00fcnchen Zentrale: 089 \/ 9042978-60 Pers\u00f6nlich: 089 \/ 9042978-60 E-Mail-Adresse info@haustechnik-kerner.de \u00d6ffnungszeiten Mo &#8211; Do: 07:00 -16:00 UhrFr: 08:00 &#8211; 13:00 UhrSonn- und Feiertage: Geschlossen Fragen sollten nicht offen bleiben<\/p>\n","protected":false},"author":1,"featured_media":0,"parent":0,"menu_order":0,"comment_status":"closed","ping_status":"closed","template":"elementor_header_footer","meta":{"_acf_changed":false,"footnotes":""},"class_list":["post-6401","page","type-page","status-publish","hentry"],"acf":[],"_links":{"self":[{"href":"https:\/\/haustechnik-kerner.de\/index.php\/wp-json\/wp\/v2\/pages\/6401","targetHints":{"allow":["GET"]}}],"collection":[{"href":"https:\/\/haustechnik-kerner.de\/index.php\/wp-json\/wp\/v2\/pages"}],"about":[{"href":"https:\/\/haustechnik-kerner.de\/index.php\/wp-json\/wp\/v2\/types\/page"}],"author":[{"embeddable":true,"href":"https:\/\/haustechnik-kerner.de\/index.php\/wp-json\/wp\/v2\/users\/1"}],"replies":[{"embeddable":true,"href":"https:\/\/haustechnik-kerner.de\/index.php\/wp-json\/wp\/v2\/comments?post=6401"}],"version-history":[{"count":243,"href":"https:\/\/haustechnik-kerner.de\/index.php\/wp-json\/wp\/v2\/pages\/6401\/revisions"}],"predecessor-version":[{"id":9469,"href":"https:\/\/haustechnik-kerner.de\/index.php\/wp-json\/wp\/v2\/pages\/6401\/revisions\/9469"}],"wp:attachment":[{"href":"https:\/\/haustechnik-kerner.de\/index.php\/wp-json\/wp\/v2\/media?parent=6401"}],"curies":[{"name":"wp","href":"https:\/\/api.w.org\/{rel}","templated":true}]}}